{"id":8173,"date":"2026-01-13T17:33:50","date_gmt":"2026-01-13T16:33:50","guid":{"rendered":"https:\/\/moreainmobiliaria.com.ar\/?post_type=product&#038;p=8173"},"modified":"2026-04-21T14:18:32","modified_gmt":"2026-04-21T12:18:32","slug":"5-has-agricolas-sobre-ruta-8","status":"publish","type":"product","link":"https:\/\/moreainmobiliaria.com.ar\/?product=5-has-agricolas-sobre-ruta-8","title":{"rendered":"Campo de 5 Has. Agr\u00edcolas sobre Ruta 8"},"content":{"rendered":"<div id='gallery-1' class='gallery galleryid-8173 gallery-columns-4 gallery-size-thumbnail'><dl class='gallery-item'>\n\t\t\t<dt class='gallery-icon landscape'>\n\t\t\t\t<a href='https:\/\/moreainmobiliaria.com.ar\/wp-content\/uploads\/2026\/01\/6-Foto.png'><img loading=\"lazy\" decoding=\"async\" width=\"150\" height=\"150\" src=\"https:\/\/moreainmobiliaria.com.ar\/wp-content\/uploads\/2026\/01\/6-Foto-150x150.png\" class=\"attachment-thumbnail size-thumbnail\" alt=\"\" srcset=\"https:\/\/moreainmobiliaria.com.ar\/wp-content\/uploads\/2026\/01\/6-Foto-150x150.png 150w, https:\/\/moreainmobiliaria.com.ar\/wp-content\/uploads\/2026\/01\/6-Foto-300x300.png 300w, https:\/\/moreainmobiliaria.com.ar\/wp-content\/uploads\/2026\/01\/6-Foto-1024x1024.png 1024w, https:\/\/moreainmobiliaria.com.ar\/wp-content\/uploads\/2026\/01\/6-Foto-768x768.png 768w, https:\/\/moreainmobiliaria.com.ar\/wp-content\/uploads\/2026\/01\/6-Foto-350x350.png 350w, https:\/\/moreainmobiliaria.com.ar\/wp-content\/uploads\/2026\/01\/6-Foto-680x680.png 680w, https:\/\/moreainmobiliaria.com.ar\/wp-content\/uploads\/2026\/01\/6-Foto-100x100.png 100w, https:\/\/moreainmobiliaria.com.ar\/wp-content\/uploads\/2026\/01\/6-Foto.png 1080w\" sizes=\"auto, (max-width: 150px) 100vw, 150px\" \/><\/a>\n\t\t\t<\/dt><\/dl><dl class='gallery-item'>\n\t\t\t<dt class='gallery-icon landscape'>\n\t\t\t\t<a href='https:\/\/moreainmobiliaria.com.ar\/wp-content\/uploads\/2026\/01\/3-Foto.png'><img loading=\"lazy\" decoding=\"async\" width=\"150\" height=\"150\" src=\"https:\/\/moreainmobiliaria.com.ar\/wp-content\/uploads\/2026\/01\/3-Foto-150x150.png\" class=\"attachment-thumbnail size-thumbnail\" alt=\"\" srcset=\"https:\/\/moreainmobiliaria.com.ar\/wp-content\/uploads\/2026\/01\/3-Foto-150x150.png 150w, https:\/\/moreainmobiliaria.com.ar\/wp-content\/uploads\/2026\/01\/3-Foto-300x300.png 300w, https:\/\/moreainmobiliaria.com.ar\/wp-content\/uploads\/2026\/01\/3-Foto-1024x1024.png 1024w, https:\/\/moreainmobiliaria.com.ar\/wp-content\/uploads\/2026\/01\/3-Foto-768x768.png 768w, https:\/\/moreainmobiliaria.com.ar\/wp-content\/uploads\/2026\/01\/3-Foto-350x350.png 350w, https:\/\/moreainmobiliaria.com.ar\/wp-content\/uploads\/2026\/01\/3-Foto-680x680.png 680w, https:\/\/moreainmobiliaria.com.ar\/wp-content\/uploads\/2026\/01\/3-Foto-100x100.png 100w, https:\/\/moreainmobiliaria.com.ar\/wp-content\/uploads\/2026\/01\/3-Foto.png 1080w\" sizes=\"auto, (max-width: 150px) 100vw, 150px\" \/><\/a>\n\t\t\t<\/dt><\/dl><dl class='gallery-item'>\n\t\t\t<dt class='gallery-icon landscape'>\n\t\t\t\t<a href='https:\/\/moreainmobiliaria.com.ar\/wp-content\/uploads\/2026\/01\/1-Sat.png'><img loading=\"lazy\" decoding=\"async\" width=\"150\" height=\"150\" src=\"https:\/\/moreainmobiliaria.com.ar\/wp-content\/uploads\/2026\/01\/1-Sat-150x150.png\" class=\"attachment-thumbnail size-thumbnail\" alt=\"\" srcset=\"https:\/\/moreainmobiliaria.com.ar\/wp-content\/uploads\/2026\/01\/1-Sat-150x150.png 150w, https:\/\/moreainmobiliaria.com.ar\/wp-content\/uploads\/2026\/01\/1-Sat-300x300.png 300w, https:\/\/moreainmobiliaria.com.ar\/wp-content\/uploads\/2026\/01\/1-Sat-1024x1024.png 1024w, https:\/\/moreainmobiliaria.com.ar\/wp-content\/uploads\/2026\/01\/1-Sat-768x768.png 768w, https:\/\/moreainmobiliaria.com.ar\/wp-content\/uploads\/2026\/01\/1-Sat-350x350.png 350w, https:\/\/moreainmobiliaria.com.ar\/wp-content\/uploads\/2026\/01\/1-Sat-680x680.png 680w, https:\/\/moreainmobiliaria.com.ar\/wp-content\/uploads\/2026\/01\/1-Sat-100x100.png 100w, https:\/\/moreainmobiliaria.com.ar\/wp-content\/uploads\/2026\/01\/1-Sat.png 1080w\" sizes=\"auto, (max-width: 150px) 100vw, 150px\" \/><\/a>\n\t\t\t<\/dt><\/dl><dl class='gallery-item'>\n\t\t\t<dt class='gallery-icon landscape'>\n\t\t\t\t<a href='https:\/\/moreainmobiliaria.com.ar\/wp-content\/uploads\/2026\/01\/4-Mapa-1.png'><img loading=\"lazy\" decoding=\"async\" width=\"150\" height=\"150\" src=\"https:\/\/moreainmobiliaria.com.ar\/wp-content\/uploads\/2026\/01\/4-Mapa-1-150x150.png\" class=\"attachment-thumbnail size-thumbnail\" alt=\"\" srcset=\"https:\/\/moreainmobiliaria.com.ar\/wp-content\/uploads\/2026\/01\/4-Mapa-1-150x150.png 150w, https:\/\/moreainmobiliaria.com.ar\/wp-content\/uploads\/2026\/01\/4-Mapa-1-300x300.png 300w, https:\/\/moreainmobiliaria.com.ar\/wp-content\/uploads\/2026\/01\/4-Mapa-1-1024x1024.png 1024w, https:\/\/moreainmobiliaria.com.ar\/wp-content\/uploads\/2026\/01\/4-Mapa-1-768x768.png 768w, https:\/\/moreainmobiliaria.com.ar\/wp-content\/uploads\/2026\/01\/4-Mapa-1-350x350.png 350w, https:\/\/moreainmobiliaria.com.ar\/wp-content\/uploads\/2026\/01\/4-Mapa-1-680x680.png 680w, https:\/\/moreainmobiliaria.com.ar\/wp-content\/uploads\/2026\/01\/4-Mapa-1-100x100.png 100w, https:\/\/moreainmobiliaria.com.ar\/wp-content\/uploads\/2026\/01\/4-Mapa-1.png 1080w\" sizes=\"auto, (max-width: 150px) 100vw, 150px\" \/><\/a>\n\t\t\t<\/dt><\/dl><br style=\"clear: both\" \/><dl class='gallery-item'>\n\t\t\t<dt class='gallery-icon landscape'>\n\t\t\t\t<a href='https:\/\/moreainmobiliaria.com.ar\/wp-content\/uploads\/2026\/01\/5-Foto.png'><img loading=\"lazy\" decoding=\"async\" width=\"150\" height=\"150\" src=\"https:\/\/moreainmobiliaria.com.ar\/wp-content\/uploads\/2026\/01\/5-Foto-150x150.png\" class=\"attachment-thumbnail size-thumbnail\" alt=\"\" srcset=\"https:\/\/moreainmobiliaria.com.ar\/wp-content\/uploads\/2026\/01\/5-Foto-150x150.png 150w, https:\/\/moreainmobiliaria.com.ar\/wp-content\/uploads\/2026\/01\/5-Foto-300x300.png 300w, https:\/\/moreainmobiliaria.com.ar\/wp-content\/uploads\/2026\/01\/5-Foto-1024x1024.png 1024w, https:\/\/moreainmobiliaria.com.ar\/wp-content\/uploads\/2026\/01\/5-Foto-768x768.png 768w, https:\/\/moreainmobiliaria.com.ar\/wp-content\/uploads\/2026\/01\/5-Foto-350x350.png 350w, https:\/\/moreainmobiliaria.com.ar\/wp-content\/uploads\/2026\/01\/5-Foto-680x680.png 680w, https:\/\/moreainmobiliaria.com.ar\/wp-content\/uploads\/2026\/01\/5-Foto-100x100.png 100w, https:\/\/moreainmobiliaria.com.ar\/wp-content\/uploads\/2026\/01\/5-Foto.png 1080w\" sizes=\"auto, (max-width: 150px) 100vw, 150px\" \/><\/a>\n\t\t\t<\/dt><\/dl><dl class='gallery-item'>\n\t\t\t<dt class='gallery-icon landscape'>\n\t\t\t\t<a href='https:\/\/moreainmobiliaria.com.ar\/wp-content\/uploads\/2026\/01\/2-Foto-2.png'><img loading=\"lazy\" decoding=\"async\" width=\"150\" height=\"150\" src=\"https:\/\/moreainmobiliaria.com.ar\/wp-content\/uploads\/2026\/01\/2-Foto-2-150x150.png\" class=\"attachment-thumbnail size-thumbnail\" alt=\"\" srcset=\"https:\/\/moreainmobiliaria.com.ar\/wp-content\/uploads\/2026\/01\/2-Foto-2-150x150.png 150w, https:\/\/moreainmobiliaria.com.ar\/wp-content\/uploads\/2026\/01\/2-Foto-2-300x300.png 300w, https:\/\/moreainmobiliaria.com.ar\/wp-content\/uploads\/2026\/01\/2-Foto-2-1024x1024.png 1024w, https:\/\/moreainmobiliaria.com.ar\/wp-content\/uploads\/2026\/01\/2-Foto-2-768x768.png 768w, https:\/\/moreainmobiliaria.com.ar\/wp-content\/uploads\/2026\/01\/2-Foto-2-350x350.png 350w, https:\/\/moreainmobiliaria.com.ar\/wp-content\/uploads\/2026\/01\/2-Foto-2-680x680.png 680w, https:\/\/moreainmobiliaria.com.ar\/wp-content\/uploads\/2026\/01\/2-Foto-2-100x100.png 100w, https:\/\/moreainmobiliaria.com.ar\/wp-content\/uploads\/2026\/01\/2-Foto-2.png 1080w\" sizes=\"auto, (max-width: 150px) 100vw, 150px\" \/><\/a>\n\t\t\t<\/dt><\/dl>\n\t\t\t<br style='clear: both' \/>\n\t\t<\/div>\n\n<p>Campo Agr\u00edcola de 5 Hect\u00e1reas en Venta<\/p>\n<p>Ubicadas sobre Ruta 8, en Col\u00f3n, Bs. As.<\/p>\n<p>51.809 M2.<\/p>\n","protected":false},"excerpt":{"rendered":"<p><img loading=\"lazy\" decoding=\"async\" class=\"alignnone size-medium wp-image-8180\" src=\"https:\/\/moreainmobiliaria.com.ar\/wp-content\/uploads\/2026\/01\/7-Descripcion-300x169.png\" alt=\"\" width=\"300\" height=\"169\" srcset=\"https:\/\/moreainmobiliaria.com.ar\/wp-content\/uploads\/2026\/01\/7-Descripcion-300x169.png 300w, https:\/\/moreainmobiliaria.com.ar\/wp-content\/uploads\/2026\/01\/7-Descripcion-768x432.png 768w, https:\/\/moreainmobiliaria.com.ar\/wp-content\/uploads\/2026\/01\/7-Descripcion-350x197.png 350w, https:\/\/moreainmobiliaria.com.ar\/wp-content\/uploads\/2026\/01\/7-Descripcion-680x383.png 680w, https:\/\/moreainmobiliaria.com.ar\/wp-content\/uploads\/2026\/01\/7-Descripcion.png 800w\" sizes=\"auto, (max-width: 300px) 100vw, 300px\" \/><\/p>\n","protected":false},"featured_media":8174,"template":"","meta":[],"product_brand":[],"product_cat":[40,39],"product_tag":[58,53],"class_list":{"0":"post-8173","1":"product","2":"type-product","3":"status-publish","4":"has-post-thumbnail","6":"product_cat-campos","7":"product_cat-ventas","8":"product_tag-campos","9":"product_tag-ventas","11":"first","12":"instock","13":"shipping-taxable","14":"product-type-simple"},"yoast_head":"<!-- This site is optimized with the Yoast SEO plugin v27.5 - https:\/\/yoast.com\/product\/yoast-seo-wordpress\/ -->\n<title>Campo de 5 Has. Agr\u00edcolas sobre Ruta 8 - Morea Inmobiliaria<\/title>\n<meta name=\"description\" content=\"5 Hect\u00e1reas Agr\u00edcolas en Venta - Ubicadas Sobre Ruta 8, Col\u00f3n, Bs. As. - Consulte sin Compromiso al Tel: 2473-519785 - MOREA INMOBILIARIA\" \/>\n<meta name=\"robots\" content=\"index, follow, max-snippet:-1, max-image-preview:large, max-video-preview:-1\" \/>\n<link rel=\"canonical\" href=\"https:\/\/moreainmobiliaria.com.ar\/?product=5-has-agricolas-sobre-ruta-8\" \/>\n<meta property=\"og:locale\" content=\"es_ES\" \/>\n<meta property=\"og:type\" content=\"article\" \/>\n<meta property=\"og:title\" content=\"Campo de 5 Has. Agr\u00edcolas sobre Ruta 8 - Morea Inmobiliaria\" \/>\n<meta property=\"og:description\" content=\"5 Hect\u00e1reas Agr\u00edcolas en Venta - Ubicadas Sobre Ruta 8, Col\u00f3n, Bs. As. - Consulte sin Compromiso al Tel: 2473-519785 - MOREA INMOBILIARIA\" \/>\n<meta property=\"og:url\" content=\"https:\/\/moreainmobiliaria.com.ar\/?product=5-has-agricolas-sobre-ruta-8\" \/>\n<meta property=\"og:site_name\" content=\"Morea Inmobiliaria\" \/>\n<meta property=\"article:modified_time\" content=\"2026-04-21T12:18:32+00:00\" \/>\n<meta property=\"og:image\" content=\"https:\/\/moreainmobiliaria.com.ar\/wp-content\/uploads\/2026\/01\/6-Foto.png\" \/>\n\t<meta property=\"og:image:width\" content=\"1080\" \/>\n\t<meta property=\"og:image:height\" content=\"1080\" \/>\n\t<meta property=\"og:image:type\" content=\"image\/png\" \/>\n<meta name=\"twitter:card\" content=\"summary_large_image\" \/>\n<meta name=\"twitter:label1\" content=\"Tiempo de lectura\" \/>\n\t<meta name=\"twitter:data1\" content=\"1 minuto\" \/>\n<script type=\"application\/ld+json\" class=\"yoast-schema-graph\">{\"@context\":\"https:\\\/\\\/schema.org\",\"@graph\":[{\"@type\":\"WebPage\",\"@id\":\"https:\\\/\\\/moreainmobiliaria.com.ar\\\/?product=5-has-agricolas-sobre-ruta-8\",\"url\":\"https:\\\/\\\/moreainmobiliaria.com.ar\\\/?product=5-has-agricolas-sobre-ruta-8\",\"name\":\"Campo de 5 Has. Agr\u00edcolas sobre Ruta 8 - Morea Inmobiliaria\",\"isPartOf\":{\"@id\":\"https:\\\/\\\/moreainmobiliaria.com.ar\\\/#website\"},\"primaryImageOfPage\":{\"@id\":\"https:\\\/\\\/moreainmobiliaria.com.ar\\\/?product=5-has-agricolas-sobre-ruta-8#primaryimage\"},\"image\":{\"@id\":\"https:\\\/\\\/moreainmobiliaria.com.ar\\\/?product=5-has-agricolas-sobre-ruta-8#primaryimage\"},\"thumbnailUrl\":\"https:\\\/\\\/moreainmobiliaria.com.ar\\\/wp-content\\\/uploads\\\/2026\\\/01\\\/6-Foto.png\",\"datePublished\":\"2026-01-13T16:33:50+00:00\",\"dateModified\":\"2026-04-21T12:18:32+00:00\",\"description\":\"5 Hect\u00e1reas Agr\u00edcolas en Venta - Ubicadas Sobre Ruta 8, Col\u00f3n, Bs. As. - Consulte sin Compromiso al Tel: 2473-519785 - MOREA INMOBILIARIA\",\"breadcrumb\":{\"@id\":\"https:\\\/\\\/moreainmobiliaria.com.ar\\\/?product=5-has-agricolas-sobre-ruta-8#breadcrumb\"},\"inLanguage\":\"es\",\"potentialAction\":[{\"@type\":\"ReadAction\",\"target\":[\"https:\\\/\\\/moreainmobiliaria.com.ar\\\/?product=5-has-agricolas-sobre-ruta-8\"]}]},{\"@type\":\"ImageObject\",\"inLanguage\":\"es\",\"@id\":\"https:\\\/\\\/moreainmobiliaria.com.ar\\\/?product=5-has-agricolas-sobre-ruta-8#primaryimage\",\"url\":\"https:\\\/\\\/moreainmobiliaria.com.ar\\\/wp-content\\\/uploads\\\/2026\\\/01\\\/6-Foto.png\",\"contentUrl\":\"https:\\\/\\\/moreainmobiliaria.com.ar\\\/wp-content\\\/uploads\\\/2026\\\/01\\\/6-Foto.png\",\"width\":1080,\"height\":1080},{\"@type\":\"BreadcrumbList\",\"@id\":\"https:\\\/\\\/moreainmobiliaria.com.ar\\\/?product=5-has-agricolas-sobre-ruta-8#breadcrumb\",\"itemListElement\":[{\"@type\":\"ListItem\",\"position\":1,\"name\":\"Portada\",\"item\":\"https:\\\/\\\/moreainmobiliaria.com.ar\\\/\"},{\"@type\":\"ListItem\",\"position\":2,\"name\":\"Productos\",\"item\":\"https:\\\/\\\/moreainmobiliaria.com.ar\\\/?post_type=product\"},{\"@type\":\"ListItem\",\"position\":3,\"name\":\"Campo de 5 Has. Agr\u00edcolas sobre Ruta 8\"}]},{\"@type\":\"WebSite\",\"@id\":\"https:\\\/\\\/moreainmobiliaria.com.ar\\\/#website\",\"url\":\"https:\\\/\\\/moreainmobiliaria.com.ar\\\/\",\"name\":\"moreainmobiliaria\",\"description\":\"Inmuebles en Venta en Col\u00f3n Bs. As.\",\"publisher\":{\"@id\":\"https:\\\/\\\/moreainmobiliaria.com.ar\\\/#organization\"},\"alternateName\":\"Inmobiliaria Morea\",\"potentialAction\":[{\"@type\":\"SearchAction\",\"target\":{\"@type\":\"EntryPoint\",\"urlTemplate\":\"https:\\\/\\\/moreainmobiliaria.com.ar\\\/?s={search_term_string}\"},\"query-input\":{\"@type\":\"PropertyValueSpecification\",\"valueRequired\":true,\"valueName\":\"search_term_string\"}}],\"inLanguage\":\"es\"},{\"@type\":\"Organization\",\"@id\":\"https:\\\/\\\/moreainmobiliaria.com.ar\\\/#organization\",\"name\":\"Morea Inmobiliaria\",\"alternateName\":\"Inmobiliaria Morea\",\"url\":\"https:\\\/\\\/moreainmobiliaria.com.ar\\\/\",\"logo\":{\"@type\":\"ImageObject\",\"inLanguage\":\"es\",\"@id\":\"https:\\\/\\\/moreainmobiliaria.com.ar\\\/#\\\/schema\\\/logo\\\/image\\\/\",\"url\":\"https:\\\/\\\/moreainmobiliaria.com.ar\\\/wp-content\\\/uploads\\\/2025\\\/08\\\/morea-fondo-transparente-01-1-scaled.png\",\"contentUrl\":\"https:\\\/\\\/moreainmobiliaria.com.ar\\\/wp-content\\\/uploads\\\/2025\\\/08\\\/morea-fondo-transparente-01-1-scaled.png\",\"width\":2560,\"height\":2202,\"caption\":\"Morea Inmobiliaria\"},\"image\":{\"@id\":\"https:\\\/\\\/moreainmobiliaria.com.ar\\\/#\\\/schema\\\/logo\\\/image\\\/\"}}]}<\/script>\n<!-- \/ Yoast SEO plugin. -->","yoast_head_json":{"title":"Campo de 5 Has. Agr\u00edcolas sobre Ruta 8 - Morea Inmobiliaria","description":"5 Hect\u00e1reas Agr\u00edcolas en Venta - Ubicadas Sobre Ruta 8, Col\u00f3n, Bs. As. - Consulte sin Compromiso al Tel: 2473-519785 - MOREA INMOBILIARIA","robots":{"index":"index","follow":"follow","max-snippet":"max-snippet:-1","max-image-preview":"max-image-preview:large","max-video-preview":"max-video-preview:-1"},"canonical":"https:\/\/moreainmobiliaria.com.ar\/?product=5-has-agricolas-sobre-ruta-8","og_locale":"es_ES","og_type":"article","og_title":"Campo de 5 Has. Agr\u00edcolas sobre Ruta 8 - Morea Inmobiliaria","og_description":"5 Hect\u00e1reas Agr\u00edcolas en Venta - Ubicadas Sobre Ruta 8, Col\u00f3n, Bs. As. - Consulte sin Compromiso al Tel: 2473-519785 - MOREA INMOBILIARIA","og_url":"https:\/\/moreainmobiliaria.com.ar\/?product=5-has-agricolas-sobre-ruta-8","og_site_name":"Morea Inmobiliaria","article_modified_time":"2026-04-21T12:18:32+00:00","og_image":[{"width":1080,"height":1080,"url":"https:\/\/moreainmobiliaria.com.ar\/wp-content\/uploads\/2026\/01\/6-Foto.png","type":"image\/png"}],"twitter_card":"summary_large_image","twitter_misc":{"Tiempo de lectura":"1 minuto"},"schema":{"@context":"https:\/\/schema.org","@graph":[{"@type":"WebPage","@id":"https:\/\/moreainmobiliaria.com.ar\/?product=5-has-agricolas-sobre-ruta-8","url":"https:\/\/moreainmobiliaria.com.ar\/?product=5-has-agricolas-sobre-ruta-8","name":"Campo de 5 Has. Agr\u00edcolas sobre Ruta 8 - Morea Inmobiliaria","isPartOf":{"@id":"https:\/\/moreainmobiliaria.com.ar\/#website"},"primaryImageOfPage":{"@id":"https:\/\/moreainmobiliaria.com.ar\/?product=5-has-agricolas-sobre-ruta-8#primaryimage"},"image":{"@id":"https:\/\/moreainmobiliaria.com.ar\/?product=5-has-agricolas-sobre-ruta-8#primaryimage"},"thumbnailUrl":"https:\/\/moreainmobiliaria.com.ar\/wp-content\/uploads\/2026\/01\/6-Foto.png","datePublished":"2026-01-13T16:33:50+00:00","dateModified":"2026-04-21T12:18:32+00:00","description":"5 Hect\u00e1reas Agr\u00edcolas en Venta - Ubicadas Sobre Ruta 8, Col\u00f3n, Bs. As. - Consulte sin Compromiso al Tel: 2473-519785 - MOREA INMOBILIARIA","breadcrumb":{"@id":"https:\/\/moreainmobiliaria.com.ar\/?product=5-has-agricolas-sobre-ruta-8#breadcrumb"},"inLanguage":"es","potentialAction":[{"@type":"ReadAction","target":["https:\/\/moreainmobiliaria.com.ar\/?product=5-has-agricolas-sobre-ruta-8"]}]},{"@type":"ImageObject","inLanguage":"es","@id":"https:\/\/moreainmobiliaria.com.ar\/?product=5-has-agricolas-sobre-ruta-8#primaryimage","url":"https:\/\/moreainmobiliaria.com.ar\/wp-content\/uploads\/2026\/01\/6-Foto.png","contentUrl":"https:\/\/moreainmobiliaria.com.ar\/wp-content\/uploads\/2026\/01\/6-Foto.png","width":1080,"height":1080},{"@type":"BreadcrumbList","@id":"https:\/\/moreainmobiliaria.com.ar\/?product=5-has-agricolas-sobre-ruta-8#breadcrumb","itemListElement":[{"@type":"ListItem","position":1,"name":"Portada","item":"https:\/\/moreainmobiliaria.com.ar\/"},{"@type":"ListItem","position":2,"name":"Productos","item":"https:\/\/moreainmobiliaria.com.ar\/?post_type=product"},{"@type":"ListItem","position":3,"name":"Campo de 5 Has. Agr\u00edcolas sobre Ruta 8"}]},{"@type":"WebSite","@id":"https:\/\/moreainmobiliaria.com.ar\/#website","url":"https:\/\/moreainmobiliaria.com.ar\/","name":"moreainmobiliaria","description":"Inmuebles en Venta en Col\u00f3n Bs. As.","publisher":{"@id":"https:\/\/moreainmobiliaria.com.ar\/#organization"},"alternateName":"Inmobiliaria Morea","potentialAction":[{"@type":"SearchAction","target":{"@type":"EntryPoint","urlTemplate":"https:\/\/moreainmobiliaria.com.ar\/?s={search_term_string}"},"query-input":{"@type":"PropertyValueSpecification","valueRequired":true,"valueName":"search_term_string"}}],"inLanguage":"es"},{"@type":"Organization","@id":"https:\/\/moreainmobiliaria.com.ar\/#organization","name":"Morea Inmobiliaria","alternateName":"Inmobiliaria Morea","url":"https:\/\/moreainmobiliaria.com.ar\/","logo":{"@type":"ImageObject","inLanguage":"es","@id":"https:\/\/moreainmobiliaria.com.ar\/#\/schema\/logo\/image\/","url":"https:\/\/moreainmobiliaria.com.ar\/wp-content\/uploads\/2025\/08\/morea-fondo-transparente-01-1-scaled.png","contentUrl":"https:\/\/moreainmobiliaria.com.ar\/wp-content\/uploads\/2025\/08\/morea-fondo-transparente-01-1-scaled.png","width":2560,"height":2202,"caption":"Morea Inmobiliaria"},"image":{"@id":"https:\/\/moreainmobiliaria.com.ar\/#\/schema\/logo\/image\/"}}]}},"_links":{"self":[{"href":"https:\/\/moreainmobiliaria.com.ar\/index.php?rest_route=\/wp\/v2\/product\/8173","targetHints":{"allow":["GET"]}}],"collection":[{"href":"https:\/\/moreainmobiliaria.com.ar\/index.php?rest_route=\/wp\/v2\/product"}],"about":[{"href":"https:\/\/moreainmobiliaria.com.ar\/index.php?rest_route=\/wp\/v2\/types\/product"}],"wp:featuredmedia":[{"embeddable":true,"href":"https:\/\/moreainmobiliaria.com.ar\/index.php?rest_route=\/wp\/v2\/media\/8174"}],"wp:attachment":[{"href":"https:\/\/moreainmobiliaria.com.ar\/index.php?rest_route=%2Fwp%2Fv2%2Fmedia&parent=8173"}],"wp:term":[{"taxonomy":"product_brand","embeddable":true,"href":"https:\/\/moreainmobiliaria.com.ar\/index.php?rest_route=%2Fwp%2Fv2%2Fproduct_brand&post=8173"},{"taxonomy":"product_cat","embeddable":true,"href":"https:\/\/moreainmobiliaria.com.ar\/index.php?rest_route=%2Fwp%2Fv2%2Fproduct_cat&post=8173"},{"taxonomy":"product_tag","embeddable":true,"href":"https:\/\/moreainmobiliaria.com.ar\/index.php?rest_route=%2Fwp%2Fv2%2Fproduct_tag&post=8173"}],"curies":[{"name":"wp","href":"https:\/\/api.w.org\/{rel}","templated":true}]}}