{"id":7861,"date":"2025-08-30T15:52:59","date_gmt":"2025-08-30T13:52:59","guid":{"rendered":"https:\/\/moreainmobiliaria.com.ar\/?post_type=product&#038;p=7861"},"modified":"2025-08-30T15:52:59","modified_gmt":"2025-08-30T13:52:59","slug":"campo-de-968-hectareas","status":"publish","type":"product","link":"https:\/\/moreainmobiliaria.com.ar\/?product=campo-de-968-hectareas","title":{"rendered":"Campo de 9,68 Hect\u00e1reas"},"content":{"rendered":"<p>Campo de 9,68 Has en Venta<\/p>\n<p>Ubicadas sobre Ruta Nacional N\u00ba 8, en Col\u00f3n, Bs. As.<\/p>\n","protected":false},"excerpt":{"rendered":"<p><img loading=\"lazy\" decoding=\"async\" class=\"alignnone size-medium wp-image-7866\" src=\"https:\/\/moreainmobiliaria.com.ar\/wp-content\/uploads\/2025\/08\/5-descripcion-300x169.png\" alt=\"\" width=\"300\" height=\"169\" srcset=\"https:\/\/moreainmobiliaria.com.ar\/wp-content\/uploads\/2025\/08\/5-descripcion-300x169.png 300w, https:\/\/moreainmobiliaria.com.ar\/wp-content\/uploads\/2025\/08\/5-descripcion-768x432.png 768w, https:\/\/moreainmobiliaria.com.ar\/wp-content\/uploads\/2025\/08\/5-descripcion-350x197.png 350w, https:\/\/moreainmobiliaria.com.ar\/wp-content\/uploads\/2025\/08\/5-descripcion-680x383.png 680w, https:\/\/moreainmobiliaria.com.ar\/wp-content\/uploads\/2025\/08\/5-descripcion.png 800w\" sizes=\"auto, (max-width: 300px) 100vw, 300px\" \/><\/p>\n","protected":false},"featured_media":7862,"template":"","meta":[],"product_brand":[],"product_cat":[40,39],"product_tag":[58,53],"class_list":{"0":"post-7861","1":"product","2":"type-product","3":"status-publish","4":"has-post-thumbnail","6":"product_cat-campos","7":"product_cat-ventas","8":"product_tag-campos","9":"product_tag-ventas","11":"first","12":"instock","13":"shipping-taxable","14":"product-type-simple"},"yoast_head":"<!-- This site is optimized with the Yoast SEO plugin v27.5 - https:\/\/yoast.com\/product\/yoast-seo-wordpress\/ -->\n<title>Campo de 9,68 Hect\u00e1reas - Morea Inmobiliaria<\/title>\n<meta name=\"description\" content=\"Campo de 9, 68 Hect\u00e1reas en Venta en Col\u00f3n Bs. As. - Ubicado sobre Ruta Nacional N\u00ba 8 - Morea Inmobiliaria - Tel: 2473-519785\" \/>\n<meta name=\"robots\" content=\"index, follow, max-snippet:-1, max-image-preview:large, max-video-preview:-1\" \/>\n<link rel=\"canonical\" href=\"https:\/\/moreainmobiliaria.com.ar\/?product=campo-de-968-hectareas\" \/>\n<meta property=\"og:locale\" content=\"es_ES\" \/>\n<meta property=\"og:type\" content=\"article\" \/>\n<meta property=\"og:title\" content=\"Campo de 9,68 Hect\u00e1reas - Morea Inmobiliaria\" \/>\n<meta property=\"og:description\" content=\"Campo de 9, 68 Hect\u00e1reas en Venta en Col\u00f3n Bs. As. - Ubicado sobre Ruta Nacional N\u00ba 8 - Morea Inmobiliaria - Tel: 2473-519785\" \/>\n<meta property=\"og:url\" content=\"https:\/\/moreainmobiliaria.com.ar\/?product=campo-de-968-hectareas\" \/>\n<meta property=\"og:site_name\" content=\"Morea Inmobiliaria\" \/>\n<meta property=\"og:image\" content=\"https:\/\/moreainmobiliaria.com.ar\/wp-content\/uploads\/2025\/08\/2-campo.png\" \/>\n\t<meta property=\"og:image:width\" content=\"1080\" \/>\n\t<meta property=\"og:image:height\" content=\"1080\" \/>\n\t<meta property=\"og:image:type\" content=\"image\/png\" \/>\n<meta name=\"twitter:card\" content=\"summary_large_image\" \/>\n<meta name=\"twitter:label1\" content=\"Tiempo de lectura\" \/>\n\t<meta name=\"twitter:data1\" content=\"1 minuto\" \/>\n<script type=\"application\/ld+json\" class=\"yoast-schema-graph\">{\"@context\":\"https:\\\/\\\/schema.org\",\"@graph\":[{\"@type\":\"WebPage\",\"@id\":\"https:\\\/\\\/moreainmobiliaria.com.ar\\\/?product=campo-de-968-hectareas\",\"url\":\"https:\\\/\\\/moreainmobiliaria.com.ar\\\/?product=campo-de-968-hectareas\",\"name\":\"Campo de 9,68 Hect\u00e1reas - Morea Inmobiliaria\",\"isPartOf\":{\"@id\":\"https:\\\/\\\/moreainmobiliaria.com.ar\\\/#website\"},\"primaryImageOfPage\":{\"@id\":\"https:\\\/\\\/moreainmobiliaria.com.ar\\\/?product=campo-de-968-hectareas#primaryimage\"},\"image\":{\"@id\":\"https:\\\/\\\/moreainmobiliaria.com.ar\\\/?product=campo-de-968-hectareas#primaryimage\"},\"thumbnailUrl\":\"https:\\\/\\\/moreainmobiliaria.com.ar\\\/wp-content\\\/uploads\\\/2025\\\/08\\\/2-campo.png\",\"datePublished\":\"2025-08-30T13:52:59+00:00\",\"description\":\"Campo de 9, 68 Hect\u00e1reas en Venta en Col\u00f3n Bs. As. - Ubicado sobre Ruta Nacional N\u00ba 8 - Morea Inmobiliaria - Tel: 2473-519785\",\"breadcrumb\":{\"@id\":\"https:\\\/\\\/moreainmobiliaria.com.ar\\\/?product=campo-de-968-hectareas#breadcrumb\"},\"inLanguage\":\"es\",\"potentialAction\":[{\"@type\":\"ReadAction\",\"target\":[\"https:\\\/\\\/moreainmobiliaria.com.ar\\\/?product=campo-de-968-hectareas\"]}]},{\"@type\":\"ImageObject\",\"inLanguage\":\"es\",\"@id\":\"https:\\\/\\\/moreainmobiliaria.com.ar\\\/?product=campo-de-968-hectareas#primaryimage\",\"url\":\"https:\\\/\\\/moreainmobiliaria.com.ar\\\/wp-content\\\/uploads\\\/2025\\\/08\\\/2-campo.png\",\"contentUrl\":\"https:\\\/\\\/moreainmobiliaria.com.ar\\\/wp-content\\\/uploads\\\/2025\\\/08\\\/2-campo.png\",\"width\":1080,\"height\":1080},{\"@type\":\"BreadcrumbList\",\"@id\":\"https:\\\/\\\/moreainmobiliaria.com.ar\\\/?product=campo-de-968-hectareas#breadcrumb\",\"itemListElement\":[{\"@type\":\"ListItem\",\"position\":1,\"name\":\"Portada\",\"item\":\"https:\\\/\\\/moreainmobiliaria.com.ar\\\/\"},{\"@type\":\"ListItem\",\"position\":2,\"name\":\"Productos\",\"item\":\"https:\\\/\\\/moreainmobiliaria.com.ar\\\/?post_type=product\"},{\"@type\":\"ListItem\",\"position\":3,\"name\":\"Campo de 9,68 Hect\u00e1reas\"}]},{\"@type\":\"WebSite\",\"@id\":\"https:\\\/\\\/moreainmobiliaria.com.ar\\\/#website\",\"url\":\"https:\\\/\\\/moreainmobiliaria.com.ar\\\/\",\"name\":\"moreainmobiliaria\",\"description\":\"Inmuebles en Venta en Col\u00f3n Bs. As.\",\"publisher\":{\"@id\":\"https:\\\/\\\/moreainmobiliaria.com.ar\\\/#organization\"},\"alternateName\":\"Inmobiliaria Morea\",\"potentialAction\":[{\"@type\":\"SearchAction\",\"target\":{\"@type\":\"EntryPoint\",\"urlTemplate\":\"https:\\\/\\\/moreainmobiliaria.com.ar\\\/?s={search_term_string}\"},\"query-input\":{\"@type\":\"PropertyValueSpecification\",\"valueRequired\":true,\"valueName\":\"search_term_string\"}}],\"inLanguage\":\"es\"},{\"@type\":\"Organization\",\"@id\":\"https:\\\/\\\/moreainmobiliaria.com.ar\\\/#organization\",\"name\":\"Morea Inmobiliaria\",\"alternateName\":\"Inmobiliaria Morea\",\"url\":\"https:\\\/\\\/moreainmobiliaria.com.ar\\\/\",\"logo\":{\"@type\":\"ImageObject\",\"inLanguage\":\"es\",\"@id\":\"https:\\\/\\\/moreainmobiliaria.com.ar\\\/#\\\/schema\\\/logo\\\/image\\\/\",\"url\":\"https:\\\/\\\/moreainmobiliaria.com.ar\\\/wp-content\\\/uploads\\\/2025\\\/08\\\/morea-fondo-transparente-01-1-scaled.png\",\"contentUrl\":\"https:\\\/\\\/moreainmobiliaria.com.ar\\\/wp-content\\\/uploads\\\/2025\\\/08\\\/morea-fondo-transparente-01-1-scaled.png\",\"width\":2560,\"height\":2202,\"caption\":\"Morea Inmobiliaria\"},\"image\":{\"@id\":\"https:\\\/\\\/moreainmobiliaria.com.ar\\\/#\\\/schema\\\/logo\\\/image\\\/\"}}]}<\/script>\n<!-- \/ Yoast SEO plugin. -->","yoast_head_json":{"title":"Campo de 9,68 Hect\u00e1reas - Morea Inmobiliaria","description":"Campo de 9, 68 Hect\u00e1reas en Venta en Col\u00f3n Bs. As. - Ubicado sobre Ruta Nacional N\u00ba 8 - Morea Inmobiliaria - Tel: 2473-519785","robots":{"index":"index","follow":"follow","max-snippet":"max-snippet:-1","max-image-preview":"max-image-preview:large","max-video-preview":"max-video-preview:-1"},"canonical":"https:\/\/moreainmobiliaria.com.ar\/?product=campo-de-968-hectareas","og_locale":"es_ES","og_type":"article","og_title":"Campo de 9,68 Hect\u00e1reas - Morea Inmobiliaria","og_description":"Campo de 9, 68 Hect\u00e1reas en Venta en Col\u00f3n Bs. As. - Ubicado sobre Ruta Nacional N\u00ba 8 - Morea Inmobiliaria - Tel: 2473-519785","og_url":"https:\/\/moreainmobiliaria.com.ar\/?product=campo-de-968-hectareas","og_site_name":"Morea Inmobiliaria","og_image":[{"width":1080,"height":1080,"url":"https:\/\/moreainmobiliaria.com.ar\/wp-content\/uploads\/2025\/08\/2-campo.png","type":"image\/png"}],"twitter_card":"summary_large_image","twitter_misc":{"Tiempo de lectura":"1 minuto"},"schema":{"@context":"https:\/\/schema.org","@graph":[{"@type":"WebPage","@id":"https:\/\/moreainmobiliaria.com.ar\/?product=campo-de-968-hectareas","url":"https:\/\/moreainmobiliaria.com.ar\/?product=campo-de-968-hectareas","name":"Campo de 9,68 Hect\u00e1reas - Morea Inmobiliaria","isPartOf":{"@id":"https:\/\/moreainmobiliaria.com.ar\/#website"},"primaryImageOfPage":{"@id":"https:\/\/moreainmobiliaria.com.ar\/?product=campo-de-968-hectareas#primaryimage"},"image":{"@id":"https:\/\/moreainmobiliaria.com.ar\/?product=campo-de-968-hectareas#primaryimage"},"thumbnailUrl":"https:\/\/moreainmobiliaria.com.ar\/wp-content\/uploads\/2025\/08\/2-campo.png","datePublished":"2025-08-30T13:52:59+00:00","description":"Campo de 9, 68 Hect\u00e1reas en Venta en Col\u00f3n Bs. As. - Ubicado sobre Ruta Nacional N\u00ba 8 - Morea Inmobiliaria - Tel: 2473-519785","breadcrumb":{"@id":"https:\/\/moreainmobiliaria.com.ar\/?product=campo-de-968-hectareas#breadcrumb"},"inLanguage":"es","potentialAction":[{"@type":"ReadAction","target":["https:\/\/moreainmobiliaria.com.ar\/?product=campo-de-968-hectareas"]}]},{"@type":"ImageObject","inLanguage":"es","@id":"https:\/\/moreainmobiliaria.com.ar\/?product=campo-de-968-hectareas#primaryimage","url":"https:\/\/moreainmobiliaria.com.ar\/wp-content\/uploads\/2025\/08\/2-campo.png","contentUrl":"https:\/\/moreainmobiliaria.com.ar\/wp-content\/uploads\/2025\/08\/2-campo.png","width":1080,"height":1080},{"@type":"BreadcrumbList","@id":"https:\/\/moreainmobiliaria.com.ar\/?product=campo-de-968-hectareas#breadcrumb","itemListElement":[{"@type":"ListItem","position":1,"name":"Portada","item":"https:\/\/moreainmobiliaria.com.ar\/"},{"@type":"ListItem","position":2,"name":"Productos","item":"https:\/\/moreainmobiliaria.com.ar\/?post_type=product"},{"@type":"ListItem","position":3,"name":"Campo de 9,68 Hect\u00e1reas"}]},{"@type":"WebSite","@id":"https:\/\/moreainmobiliaria.com.ar\/#website","url":"https:\/\/moreainmobiliaria.com.ar\/","name":"moreainmobiliaria","description":"Inmuebles en Venta en Col\u00f3n Bs. As.","publisher":{"@id":"https:\/\/moreainmobiliaria.com.ar\/#organization"},"alternateName":"Inmobiliaria Morea","potentialAction":[{"@type":"SearchAction","target":{"@type":"EntryPoint","urlTemplate":"https:\/\/moreainmobiliaria.com.ar\/?s={search_term_string}"},"query-input":{"@type":"PropertyValueSpecification","valueRequired":true,"valueName":"search_term_string"}}],"inLanguage":"es"},{"@type":"Organization","@id":"https:\/\/moreainmobiliaria.com.ar\/#organization","name":"Morea Inmobiliaria","alternateName":"Inmobiliaria Morea","url":"https:\/\/moreainmobiliaria.com.ar\/","logo":{"@type":"ImageObject","inLanguage":"es","@id":"https:\/\/moreainmobiliaria.com.ar\/#\/schema\/logo\/image\/","url":"https:\/\/moreainmobiliaria.com.ar\/wp-content\/uploads\/2025\/08\/morea-fondo-transparente-01-1-scaled.png","contentUrl":"https:\/\/moreainmobiliaria.com.ar\/wp-content\/uploads\/2025\/08\/morea-fondo-transparente-01-1-scaled.png","width":2560,"height":2202,"caption":"Morea Inmobiliaria"},"image":{"@id":"https:\/\/moreainmobiliaria.com.ar\/#\/schema\/logo\/image\/"}}]}},"_links":{"self":[{"href":"https:\/\/moreainmobiliaria.com.ar\/index.php?rest_route=\/wp\/v2\/product\/7861","targetHints":{"allow":["GET"]}}],"collection":[{"href":"https:\/\/moreainmobiliaria.com.ar\/index.php?rest_route=\/wp\/v2\/product"}],"about":[{"href":"https:\/\/moreainmobiliaria.com.ar\/index.php?rest_route=\/wp\/v2\/types\/product"}],"wp:featuredmedia":[{"embeddable":true,"href":"https:\/\/moreainmobiliaria.com.ar\/index.php?rest_route=\/wp\/v2\/media\/7862"}],"wp:attachment":[{"href":"https:\/\/moreainmobiliaria.com.ar\/index.php?rest_route=%2Fwp%2Fv2%2Fmedia&parent=7861"}],"wp:term":[{"taxonomy":"product_brand","embeddable":true,"href":"https:\/\/moreainmobiliaria.com.ar\/index.php?rest_route=%2Fwp%2Fv2%2Fproduct_brand&post=7861"},{"taxonomy":"product_cat","embeddable":true,"href":"https:\/\/moreainmobiliaria.com.ar\/index.php?rest_route=%2Fwp%2Fv2%2Fproduct_cat&post=7861"},{"taxonomy":"product_tag","embeddable":true,"href":"https:\/\/moreainmobiliaria.com.ar\/index.php?rest_route=%2Fwp%2Fv2%2Fproduct_tag&post=7861"}],"curies":[{"name":"wp","href":"https:\/\/api.w.org\/{rel}","templated":true}]}}