{"id":7037,"date":"2024-09-18T15:13:59","date_gmt":"2024-09-18T13:13:59","guid":{"rendered":"https:\/\/moreainmobiliaria.com.ar\/?post_type=product&#038;p=7037"},"modified":"2026-04-21T14:43:06","modified_gmt":"2026-04-21T12:43:06","slug":"calle-50-y-1","status":"publish","type":"product","link":"https:\/\/moreainmobiliaria.com.ar\/?product=calle-50-y-1","title":{"rendered":"Galp\u00f3n en Venta &#8211; 50 y 1"},"content":{"rendered":"<p>En Venta!!!<\/p>\n<p>Terreno de 40 x 50 metros con Galp\u00f3n de 16 x 15 metros.<\/p>\n<p>Ubicado en calle 50 y 1<\/p>\n","protected":false},"excerpt":{"rendered":"<p><img loading=\"lazy\" decoding=\"async\" class=\"alignnone size-medium wp-image-7528\" src=\"https:\/\/moreainmobiliaria.com.ar\/wp-content\/uploads\/2024\/09\/webDescripcion-300x169.png\" alt=\"\" width=\"300\" height=\"169\" srcset=\"https:\/\/moreainmobiliaria.com.ar\/wp-content\/uploads\/2024\/09\/webDescripcion-300x169.png 300w, https:\/\/moreainmobiliaria.com.ar\/wp-content\/uploads\/2024\/09\/webDescripcion-768x432.png 768w, https:\/\/moreainmobiliaria.com.ar\/wp-content\/uploads\/2024\/09\/webDescripcion-350x197.png 350w, https:\/\/moreainmobiliaria.com.ar\/wp-content\/uploads\/2024\/09\/webDescripcion-680x383.png 680w, https:\/\/moreainmobiliaria.com.ar\/wp-content\/uploads\/2024\/09\/webDescripcion.png 800w\" sizes=\"auto, (max-width: 300px) 100vw, 300px\" \/><\/p>\n","protected":false},"featured_media":8010,"template":"","meta":[],"product_brand":[],"product_cat":[45,48,39],"product_tag":[63,53],"class_list":{"0":"post-7037","1":"product","2":"type-product","3":"status-publish","4":"has-post-thumbnail","6":"product_cat-galpones","7":"product_cat-terrenos","8":"product_cat-ventas","9":"product_tag-galpones","10":"product_tag-ventas","12":"first","13":"instock","14":"shipping-taxable","15":"product-type-simple"},"yoast_head":"<!-- This site is optimized with the Yoast SEO plugin v27.5 - https:\/\/yoast.com\/product\/yoast-seo-wordpress\/ -->\n<title>Galp\u00f3n en Venta - 50 y 1 - Morea Inmobiliaria<\/title>\n<meta name=\"description\" content=\"Terreno con Galp\u00f3n en Venta!!! Ubicado en calle 50 y 1 - Terreno de 40 x 50 Mts. - Galp\u00f3n de 16 x 15 Mts - Morea Inmobiliaria - Tel: 2473-519785\" \/>\n<meta name=\"robots\" content=\"index, follow, max-snippet:-1, max-image-preview:large, max-video-preview:-1\" \/>\n<link rel=\"canonical\" href=\"https:\/\/moreainmobiliaria.com.ar\/?product=calle-50-y-1\" \/>\n<meta property=\"og:locale\" content=\"es_ES\" \/>\n<meta property=\"og:type\" content=\"article\" \/>\n<meta property=\"og:title\" content=\"Galp\u00f3n en Venta - 50 y 1 - Morea Inmobiliaria\" \/>\n<meta property=\"og:description\" content=\"Terreno con Galp\u00f3n en Venta!!! Ubicado en calle 50 y 1 - Terreno de 40 x 50 Mts. - Galp\u00f3n de 16 x 15 Mts - Morea Inmobiliaria - Tel: 2473-519785\" \/>\n<meta property=\"og:url\" content=\"https:\/\/moreainmobiliaria.com.ar\/?product=calle-50-y-1\" \/>\n<meta property=\"og:site_name\" content=\"Morea Inmobiliaria\" \/>\n<meta property=\"article:modified_time\" content=\"2026-04-21T12:43:06+00:00\" \/>\n<meta property=\"og:image\" content=\"https:\/\/moreainmobiliaria.com.ar\/wp-content\/uploads\/2024\/09\/1-Foto.png\" \/>\n\t<meta property=\"og:image:width\" content=\"1080\" \/>\n\t<meta property=\"og:image:height\" content=\"1080\" \/>\n\t<meta property=\"og:image:type\" content=\"image\/png\" \/>\n<meta name=\"twitter:card\" content=\"summary_large_image\" \/>\n<meta name=\"twitter:label1\" content=\"Tiempo de lectura\" \/>\n\t<meta name=\"twitter:data1\" content=\"1 minuto\" \/>\n<script type=\"application\/ld+json\" class=\"yoast-schema-graph\">{\"@context\":\"https:\\\/\\\/schema.org\",\"@graph\":[{\"@type\":\"WebPage\",\"@id\":\"https:\\\/\\\/moreainmobiliaria.com.ar\\\/?product=calle-50-y-1\",\"url\":\"https:\\\/\\\/moreainmobiliaria.com.ar\\\/?product=calle-50-y-1\",\"name\":\"Galp\u00f3n en Venta - 50 y 1 - Morea Inmobiliaria\",\"isPartOf\":{\"@id\":\"https:\\\/\\\/moreainmobiliaria.com.ar\\\/#website\"},\"primaryImageOfPage\":{\"@id\":\"https:\\\/\\\/moreainmobiliaria.com.ar\\\/?product=calle-50-y-1#primaryimage\"},\"image\":{\"@id\":\"https:\\\/\\\/moreainmobiliaria.com.ar\\\/?product=calle-50-y-1#primaryimage\"},\"thumbnailUrl\":\"https:\\\/\\\/moreainmobiliaria.com.ar\\\/wp-content\\\/uploads\\\/2024\\\/09\\\/1-Foto.png\",\"datePublished\":\"2024-09-18T13:13:59+00:00\",\"dateModified\":\"2026-04-21T12:43:06+00:00\",\"description\":\"Terreno con Galp\u00f3n en Venta!!! Ubicado en calle 50 y 1 - Terreno de 40 x 50 Mts. - Galp\u00f3n de 16 x 15 Mts - Morea Inmobiliaria - Tel: 2473-519785\",\"breadcrumb\":{\"@id\":\"https:\\\/\\\/moreainmobiliaria.com.ar\\\/?product=calle-50-y-1#breadcrumb\"},\"inLanguage\":\"es\",\"potentialAction\":[{\"@type\":\"ReadAction\",\"target\":[\"https:\\\/\\\/moreainmobiliaria.com.ar\\\/?product=calle-50-y-1\"]}]},{\"@type\":\"ImageObject\",\"inLanguage\":\"es\",\"@id\":\"https:\\\/\\\/moreainmobiliaria.com.ar\\\/?product=calle-50-y-1#primaryimage\",\"url\":\"https:\\\/\\\/moreainmobiliaria.com.ar\\\/wp-content\\\/uploads\\\/2024\\\/09\\\/1-Foto.png\",\"contentUrl\":\"https:\\\/\\\/moreainmobiliaria.com.ar\\\/wp-content\\\/uploads\\\/2024\\\/09\\\/1-Foto.png\",\"width\":1080,\"height\":1080},{\"@type\":\"BreadcrumbList\",\"@id\":\"https:\\\/\\\/moreainmobiliaria.com.ar\\\/?product=calle-50-y-1#breadcrumb\",\"itemListElement\":[{\"@type\":\"ListItem\",\"position\":1,\"name\":\"Portada\",\"item\":\"https:\\\/\\\/moreainmobiliaria.com.ar\\\/\"},{\"@type\":\"ListItem\",\"position\":2,\"name\":\"Productos\",\"item\":\"https:\\\/\\\/moreainmobiliaria.com.ar\\\/?post_type=product\"},{\"@type\":\"ListItem\",\"position\":3,\"name\":\"Galp\u00f3n en Venta &#8211; 50 y 1\"}]},{\"@type\":\"WebSite\",\"@id\":\"https:\\\/\\\/moreainmobiliaria.com.ar\\\/#website\",\"url\":\"https:\\\/\\\/moreainmobiliaria.com.ar\\\/\",\"name\":\"moreainmobiliaria\",\"description\":\"Inmuebles en Venta en Col\u00f3n Bs. As.\",\"publisher\":{\"@id\":\"https:\\\/\\\/moreainmobiliaria.com.ar\\\/#organization\"},\"alternateName\":\"Inmobiliaria Morea\",\"potentialAction\":[{\"@type\":\"SearchAction\",\"target\":{\"@type\":\"EntryPoint\",\"urlTemplate\":\"https:\\\/\\\/moreainmobiliaria.com.ar\\\/?s={search_term_string}\"},\"query-input\":{\"@type\":\"PropertyValueSpecification\",\"valueRequired\":true,\"valueName\":\"search_term_string\"}}],\"inLanguage\":\"es\"},{\"@type\":\"Organization\",\"@id\":\"https:\\\/\\\/moreainmobiliaria.com.ar\\\/#organization\",\"name\":\"Morea Inmobiliaria\",\"alternateName\":\"Inmobiliaria Morea\",\"url\":\"https:\\\/\\\/moreainmobiliaria.com.ar\\\/\",\"logo\":{\"@type\":\"ImageObject\",\"inLanguage\":\"es\",\"@id\":\"https:\\\/\\\/moreainmobiliaria.com.ar\\\/#\\\/schema\\\/logo\\\/image\\\/\",\"url\":\"https:\\\/\\\/moreainmobiliaria.com.ar\\\/wp-content\\\/uploads\\\/2025\\\/08\\\/morea-fondo-transparente-01-1-scaled.png\",\"contentUrl\":\"https:\\\/\\\/moreainmobiliaria.com.ar\\\/wp-content\\\/uploads\\\/2025\\\/08\\\/morea-fondo-transparente-01-1-scaled.png\",\"width\":2560,\"height\":2202,\"caption\":\"Morea Inmobiliaria\"},\"image\":{\"@id\":\"https:\\\/\\\/moreainmobiliaria.com.ar\\\/#\\\/schema\\\/logo\\\/image\\\/\"}}]}<\/script>\n<!-- \/ Yoast SEO plugin. -->","yoast_head_json":{"title":"Galp\u00f3n en Venta - 50 y 1 - Morea Inmobiliaria","description":"Terreno con Galp\u00f3n en Venta!!! Ubicado en calle 50 y 1 - Terreno de 40 x 50 Mts. - Galp\u00f3n de 16 x 15 Mts - Morea Inmobiliaria - Tel: 2473-519785","robots":{"index":"index","follow":"follow","max-snippet":"max-snippet:-1","max-image-preview":"max-image-preview:large","max-video-preview":"max-video-preview:-1"},"canonical":"https:\/\/moreainmobiliaria.com.ar\/?product=calle-50-y-1","og_locale":"es_ES","og_type":"article","og_title":"Galp\u00f3n en Venta - 50 y 1 - Morea Inmobiliaria","og_description":"Terreno con Galp\u00f3n en Venta!!! Ubicado en calle 50 y 1 - Terreno de 40 x 50 Mts. - Galp\u00f3n de 16 x 15 Mts - Morea Inmobiliaria - Tel: 2473-519785","og_url":"https:\/\/moreainmobiliaria.com.ar\/?product=calle-50-y-1","og_site_name":"Morea Inmobiliaria","article_modified_time":"2026-04-21T12:43:06+00:00","og_image":[{"width":1080,"height":1080,"url":"https:\/\/moreainmobiliaria.com.ar\/wp-content\/uploads\/2024\/09\/1-Foto.png","type":"image\/png"}],"twitter_card":"summary_large_image","twitter_misc":{"Tiempo de lectura":"1 minuto"},"schema":{"@context":"https:\/\/schema.org","@graph":[{"@type":"WebPage","@id":"https:\/\/moreainmobiliaria.com.ar\/?product=calle-50-y-1","url":"https:\/\/moreainmobiliaria.com.ar\/?product=calle-50-y-1","name":"Galp\u00f3n en Venta - 50 y 1 - Morea Inmobiliaria","isPartOf":{"@id":"https:\/\/moreainmobiliaria.com.ar\/#website"},"primaryImageOfPage":{"@id":"https:\/\/moreainmobiliaria.com.ar\/?product=calle-50-y-1#primaryimage"},"image":{"@id":"https:\/\/moreainmobiliaria.com.ar\/?product=calle-50-y-1#primaryimage"},"thumbnailUrl":"https:\/\/moreainmobiliaria.com.ar\/wp-content\/uploads\/2024\/09\/1-Foto.png","datePublished":"2024-09-18T13:13:59+00:00","dateModified":"2026-04-21T12:43:06+00:00","description":"Terreno con Galp\u00f3n en Venta!!! Ubicado en calle 50 y 1 - Terreno de 40 x 50 Mts. - Galp\u00f3n de 16 x 15 Mts - Morea Inmobiliaria - Tel: 2473-519785","breadcrumb":{"@id":"https:\/\/moreainmobiliaria.com.ar\/?product=calle-50-y-1#breadcrumb"},"inLanguage":"es","potentialAction":[{"@type":"ReadAction","target":["https:\/\/moreainmobiliaria.com.ar\/?product=calle-50-y-1"]}]},{"@type":"ImageObject","inLanguage":"es","@id":"https:\/\/moreainmobiliaria.com.ar\/?product=calle-50-y-1#primaryimage","url":"https:\/\/moreainmobiliaria.com.ar\/wp-content\/uploads\/2024\/09\/1-Foto.png","contentUrl":"https:\/\/moreainmobiliaria.com.ar\/wp-content\/uploads\/2024\/09\/1-Foto.png","width":1080,"height":1080},{"@type":"BreadcrumbList","@id":"https:\/\/moreainmobiliaria.com.ar\/?product=calle-50-y-1#breadcrumb","itemListElement":[{"@type":"ListItem","position":1,"name":"Portada","item":"https:\/\/moreainmobiliaria.com.ar\/"},{"@type":"ListItem","position":2,"name":"Productos","item":"https:\/\/moreainmobiliaria.com.ar\/?post_type=product"},{"@type":"ListItem","position":3,"name":"Galp\u00f3n en Venta &#8211; 50 y 1"}]},{"@type":"WebSite","@id":"https:\/\/moreainmobiliaria.com.ar\/#website","url":"https:\/\/moreainmobiliaria.com.ar\/","name":"moreainmobiliaria","description":"Inmuebles en Venta en Col\u00f3n Bs. As.","publisher":{"@id":"https:\/\/moreainmobiliaria.com.ar\/#organization"},"alternateName":"Inmobiliaria Morea","potentialAction":[{"@type":"SearchAction","target":{"@type":"EntryPoint","urlTemplate":"https:\/\/moreainmobiliaria.com.ar\/?s={search_term_string}"},"query-input":{"@type":"PropertyValueSpecification","valueRequired":true,"valueName":"search_term_string"}}],"inLanguage":"es"},{"@type":"Organization","@id":"https:\/\/moreainmobiliaria.com.ar\/#organization","name":"Morea Inmobiliaria","alternateName":"Inmobiliaria Morea","url":"https:\/\/moreainmobiliaria.com.ar\/","logo":{"@type":"ImageObject","inLanguage":"es","@id":"https:\/\/moreainmobiliaria.com.ar\/#\/schema\/logo\/image\/","url":"https:\/\/moreainmobiliaria.com.ar\/wp-content\/uploads\/2025\/08\/morea-fondo-transparente-01-1-scaled.png","contentUrl":"https:\/\/moreainmobiliaria.com.ar\/wp-content\/uploads\/2025\/08\/morea-fondo-transparente-01-1-scaled.png","width":2560,"height":2202,"caption":"Morea Inmobiliaria"},"image":{"@id":"https:\/\/moreainmobiliaria.com.ar\/#\/schema\/logo\/image\/"}}]}},"_links":{"self":[{"href":"https:\/\/moreainmobiliaria.com.ar\/index.php?rest_route=\/wp\/v2\/product\/7037","targetHints":{"allow":["GET"]}}],"collection":[{"href":"https:\/\/moreainmobiliaria.com.ar\/index.php?rest_route=\/wp\/v2\/product"}],"about":[{"href":"https:\/\/moreainmobiliaria.com.ar\/index.php?rest_route=\/wp\/v2\/types\/product"}],"wp:featuredmedia":[{"embeddable":true,"href":"https:\/\/moreainmobiliaria.com.ar\/index.php?rest_route=\/wp\/v2\/media\/8010"}],"wp:attachment":[{"href":"https:\/\/moreainmobiliaria.com.ar\/index.php?rest_route=%2Fwp%2Fv2%2Fmedia&parent=7037"}],"wp:term":[{"taxonomy":"product_brand","embeddable":true,"href":"https:\/\/moreainmobiliaria.com.ar\/index.php?rest_route=%2Fwp%2Fv2%2Fproduct_brand&post=7037"},{"taxonomy":"product_cat","embeddable":true,"href":"https:\/\/moreainmobiliaria.com.ar\/index.php?rest_route=%2Fwp%2Fv2%2Fproduct_cat&post=7037"},{"taxonomy":"product_tag","embeddable":true,"href":"https:\/\/moreainmobiliaria.com.ar\/index.php?rest_route=%2Fwp%2Fv2%2Fproduct_tag&post=7037"}],"curies":[{"name":"wp","href":"https:\/\/api.w.org\/{rel}","templated":true}]}}