{"id":2942,"date":"2023-08-08T19:05:22","date_gmt":"2023-08-08T22:05:22","guid":{"rendered":"https:\/\/moreainmobiliaria.com.ar\/?p=2942"},"modified":"2026-04-21T15:00:55","modified_gmt":"2026-04-21T13:00:55","slug":"gran-oportunidad-de-inversion-inmueble-sobre-ruta-8-km-290","status":"publish","type":"product","link":"https:\/\/moreainmobiliaria.com.ar\/?product=gran-oportunidad-de-inversion-inmueble-sobre-ruta-8-km-290","title":{"rendered":"Gran oportunidad de inversi\u00f3n: Inmueble sobre Ruta 8 (km 290)"},"content":{"rendered":"\r\n<figure class=\"wp-block-gallery has-nested-images columns-default is-cropped wp-block-gallery-1 is-layout-flex wp-block-gallery-is-layout-flex\"><\/figure>\r\n\r\n\r\n\r\n<p>\u00a1Gran oportunidad de inversi\u00f3n!<\/p>\r\n\r\n\r\n\r\n<p>\ud83d\udccd Ubicaci\u00f3n estrat\u00e9gica sobre Ruta 8 km 290.<\/p>\r\n\r\n\r\n\r\n<p>Se vende un inmueble \u00fanico en su clase, ubicado sobre la transitada Ruta 8! \ud83d\udee3\ufe0f Este terreno de 11.300 m\u00b2 ofrece un frente de impresionantes 211 metros sobre la ruta, lo que lo convierte en una excelente oportunidad para cualquier proyecto comercial o industrial.<\/p>\r\n\r\n\r\n\r\n<p>\ud83c\udf33 Amplios espacios y posibilidades \ud83c\udf33<\/p>\r\n\r\n\r\n\r\n<p>\u2b50 Caracter\u00edsticas destacadas \u2b50<\/p>\r\n\r\n\r\n\r\n<p>\u2705 11.300 m\u00b2 de terreno<br \/>\u2705 211 metros de frente sobre Ruta 8<br \/>\u2705 Ubicaci\u00f3n estrat\u00e9gica y de alta visibilidad<br \/>\u2705 Cuenta con casa de 2 dormitorios, amplio local comercial y galp\u00f3n.<\/p>\r\n\r\n\r\n\r\n<p>\u00a1No dejes pasar esta oportunidad de inversi\u00f3n \u00fanica en su tipo! \ud83d\udcc8 Cont\u00e1ctanos para obtener m\u00e1s informaci\u00f3n y concertar una visita al inmueble!<\/p>\r\n\r\n\r\n\r\n<p>\ud83d\udcde 2473-519785<br \/>\ud83d\udce7 moreainmobiliaria@gmail.com<\/p>\r\n","protected":false},"excerpt":{"rendered":"<p>\u00a1Gran oportunidad de inversi\u00f3n! \ud83d\udccd Ubicaci\u00f3n estrat\u00e9gica sobre Ruta 8 km 290. Se vende un inmueble \u00fanico en su clase, ubicado sobre la transitada Ruta 8! \ud83d\udee3\ufe0f Este terreno de 11.300 m\u00b2 ofrece un frente de impresionantes 211 metros sobre la ruta, lo que lo convierte en una excelente oportunidad para cualquier proyecto comercial o &hellip;<\/p>\n","protected":false},"featured_media":5507,"template":"","meta":[],"product_brand":[],"product_cat":[41,46,47,39],"product_tag":[],"class_list":{"0":"post-2942","1":"product","2":"type-product","3":"status-publish","4":"has-post-thumbnail","6":"product_cat-casas","7":"product_cat-locales","8":"product_cat-quintas","9":"product_cat-ventas","11":"first","12":"instock","13":"shipping-taxable","14":"product-type-simple"},"yoast_head":"<!-- This site is optimized with the Yoast SEO plugin v27.5 - https:\/\/yoast.com\/product\/yoast-seo-wordpress\/ -->\n<title>Gran oportunidad de inversi\u00f3n: Inmueble sobre Ruta 8 (km 290) - Morea Inmobiliaria<\/title>\n<meta name=\"robots\" content=\"index, follow, max-snippet:-1, max-image-preview:large, max-video-preview:-1\" \/>\n<link rel=\"canonical\" href=\"https:\/\/moreainmobiliaria.com.ar\/?product=gran-oportunidad-de-inversion-inmueble-sobre-ruta-8-km-290\" \/>\n<meta property=\"og:locale\" content=\"es_ES\" \/>\n<meta property=\"og:type\" content=\"article\" \/>\n<meta property=\"og:title\" content=\"Gran oportunidad de inversi\u00f3n: Inmueble sobre Ruta 8 (km 290) - Morea Inmobiliaria\" \/>\n<meta property=\"og:description\" content=\"\u00a1Gran oportunidad de inversi\u00f3n! \ud83d\udccd Ubicaci\u00f3n estrat\u00e9gica sobre Ruta 8 km 290. Se vende un inmueble \u00fanico en su clase, ubicado sobre la transitada Ruta 8! \ud83d\udee3\ufe0f Este terreno de 11.300 m\u00b2 ofrece un frente de impresionantes 211 metros sobre la ruta, lo que lo convierte en una excelente oportunidad para cualquier proyecto comercial o &hellip;\" \/>\n<meta property=\"og:url\" content=\"https:\/\/moreainmobiliaria.com.ar\/?product=gran-oportunidad-de-inversion-inmueble-sobre-ruta-8-km-290\" \/>\n<meta property=\"og:site_name\" content=\"Morea Inmobiliaria\" \/>\n<meta property=\"article:modified_time\" content=\"2026-04-21T13:00:55+00:00\" \/>\n<meta property=\"og:image\" content=\"https:\/\/moreainmobiliaria.com.ar\/wp-content\/uploads\/2023\/08\/RUTA8D-1024x774-1.jpg\" \/>\n\t<meta property=\"og:image:width\" content=\"1024\" \/>\n\t<meta property=\"og:image:height\" content=\"774\" \/>\n\t<meta property=\"og:image:type\" content=\"image\/jpeg\" \/>\n<meta name=\"twitter:card\" content=\"summary_large_image\" \/>\n<meta name=\"twitter:label1\" content=\"Tiempo de lectura\" \/>\n\t<meta name=\"twitter:data1\" content=\"1 minuto\" \/>\n<script type=\"application\/ld+json\" class=\"yoast-schema-graph\">{\"@context\":\"https:\\\/\\\/schema.org\",\"@graph\":[{\"@type\":\"WebPage\",\"@id\":\"https:\\\/\\\/moreainmobiliaria.com.ar\\\/?product=gran-oportunidad-de-inversion-inmueble-sobre-ruta-8-km-290\",\"url\":\"https:\\\/\\\/moreainmobiliaria.com.ar\\\/?product=gran-oportunidad-de-inversion-inmueble-sobre-ruta-8-km-290\",\"name\":\"Gran oportunidad de inversi\u00f3n: Inmueble sobre Ruta 8 (km 290) - Morea Inmobiliaria\",\"isPartOf\":{\"@id\":\"https:\\\/\\\/moreainmobiliaria.com.ar\\\/#website\"},\"primaryImageOfPage\":{\"@id\":\"https:\\\/\\\/moreainmobiliaria.com.ar\\\/?product=gran-oportunidad-de-inversion-inmueble-sobre-ruta-8-km-290#primaryimage\"},\"image\":{\"@id\":\"https:\\\/\\\/moreainmobiliaria.com.ar\\\/?product=gran-oportunidad-de-inversion-inmueble-sobre-ruta-8-km-290#primaryimage\"},\"thumbnailUrl\":\"https:\\\/\\\/moreainmobiliaria.com.ar\\\/wp-content\\\/uploads\\\/2023\\\/08\\\/RUTA8D-1024x774-1.jpg\",\"datePublished\":\"2023-08-08T22:05:22+00:00\",\"dateModified\":\"2026-04-21T13:00:55+00:00\",\"breadcrumb\":{\"@id\":\"https:\\\/\\\/moreainmobiliaria.com.ar\\\/?product=gran-oportunidad-de-inversion-inmueble-sobre-ruta-8-km-290#breadcrumb\"},\"inLanguage\":\"es\",\"potentialAction\":[{\"@type\":\"ReadAction\",\"target\":[\"https:\\\/\\\/moreainmobiliaria.com.ar\\\/?product=gran-oportunidad-de-inversion-inmueble-sobre-ruta-8-km-290\"]}]},{\"@type\":\"ImageObject\",\"inLanguage\":\"es\",\"@id\":\"https:\\\/\\\/moreainmobiliaria.com.ar\\\/?product=gran-oportunidad-de-inversion-inmueble-sobre-ruta-8-km-290#primaryimage\",\"url\":\"https:\\\/\\\/moreainmobiliaria.com.ar\\\/wp-content\\\/uploads\\\/2023\\\/08\\\/RUTA8D-1024x774-1.jpg\",\"contentUrl\":\"https:\\\/\\\/moreainmobiliaria.com.ar\\\/wp-content\\\/uploads\\\/2023\\\/08\\\/RUTA8D-1024x774-1.jpg\",\"width\":1024,\"height\":774},{\"@type\":\"BreadcrumbList\",\"@id\":\"https:\\\/\\\/moreainmobiliaria.com.ar\\\/?product=gran-oportunidad-de-inversion-inmueble-sobre-ruta-8-km-290#breadcrumb\",\"itemListElement\":[{\"@type\":\"ListItem\",\"position\":1,\"name\":\"Portada\",\"item\":\"https:\\\/\\\/moreainmobiliaria.com.ar\\\/\"},{\"@type\":\"ListItem\",\"position\":2,\"name\":\"Productos\",\"item\":\"https:\\\/\\\/moreainmobiliaria.com.ar\\\/?post_type=product\"},{\"@type\":\"ListItem\",\"position\":3,\"name\":\"Gran oportunidad de inversi\u00f3n: Inmueble sobre Ruta 8 (km 290)\"}]},{\"@type\":\"WebSite\",\"@id\":\"https:\\\/\\\/moreainmobiliaria.com.ar\\\/#website\",\"url\":\"https:\\\/\\\/moreainmobiliaria.com.ar\\\/\",\"name\":\"moreainmobiliaria\",\"description\":\"Inmuebles en Venta en Col\u00f3n Bs. As.\",\"publisher\":{\"@id\":\"https:\\\/\\\/moreainmobiliaria.com.ar\\\/#organization\"},\"alternateName\":\"Inmobiliaria Morea\",\"potentialAction\":[{\"@type\":\"SearchAction\",\"target\":{\"@type\":\"EntryPoint\",\"urlTemplate\":\"https:\\\/\\\/moreainmobiliaria.com.ar\\\/?s={search_term_string}\"},\"query-input\":{\"@type\":\"PropertyValueSpecification\",\"valueRequired\":true,\"valueName\":\"search_term_string\"}}],\"inLanguage\":\"es\"},{\"@type\":\"Organization\",\"@id\":\"https:\\\/\\\/moreainmobiliaria.com.ar\\\/#organization\",\"name\":\"Morea Inmobiliaria\",\"alternateName\":\"Inmobiliaria Morea\",\"url\":\"https:\\\/\\\/moreainmobiliaria.com.ar\\\/\",\"logo\":{\"@type\":\"ImageObject\",\"inLanguage\":\"es\",\"@id\":\"https:\\\/\\\/moreainmobiliaria.com.ar\\\/#\\\/schema\\\/logo\\\/image\\\/\",\"url\":\"https:\\\/\\\/moreainmobiliaria.com.ar\\\/wp-content\\\/uploads\\\/2025\\\/08\\\/morea-fondo-transparente-01-1-scaled.png\",\"contentUrl\":\"https:\\\/\\\/moreainmobiliaria.com.ar\\\/wp-content\\\/uploads\\\/2025\\\/08\\\/morea-fondo-transparente-01-1-scaled.png\",\"width\":2560,\"height\":2202,\"caption\":\"Morea Inmobiliaria\"},\"image\":{\"@id\":\"https:\\\/\\\/moreainmobiliaria.com.ar\\\/#\\\/schema\\\/logo\\\/image\\\/\"}}]}<\/script>\n<!-- \/ Yoast SEO plugin. -->","yoast_head_json":{"title":"Gran oportunidad de inversi\u00f3n: Inmueble sobre Ruta 8 (km 290) - Morea Inmobiliaria","robots":{"index":"index","follow":"follow","max-snippet":"max-snippet:-1","max-image-preview":"max-image-preview:large","max-video-preview":"max-video-preview:-1"},"canonical":"https:\/\/moreainmobiliaria.com.ar\/?product=gran-oportunidad-de-inversion-inmueble-sobre-ruta-8-km-290","og_locale":"es_ES","og_type":"article","og_title":"Gran oportunidad de inversi\u00f3n: Inmueble sobre Ruta 8 (km 290) - Morea Inmobiliaria","og_description":"\u00a1Gran oportunidad de inversi\u00f3n! \ud83d\udccd Ubicaci\u00f3n estrat\u00e9gica sobre Ruta 8 km 290. Se vende un inmueble \u00fanico en su clase, ubicado sobre la transitada Ruta 8! \ud83d\udee3\ufe0f Este terreno de 11.300 m\u00b2 ofrece un frente de impresionantes 211 metros sobre la ruta, lo que lo convierte en una excelente oportunidad para cualquier proyecto comercial o &hellip;","og_url":"https:\/\/moreainmobiliaria.com.ar\/?product=gran-oportunidad-de-inversion-inmueble-sobre-ruta-8-km-290","og_site_name":"Morea Inmobiliaria","article_modified_time":"2026-04-21T13:00:55+00:00","og_image":[{"width":1024,"height":774,"url":"https:\/\/moreainmobiliaria.com.ar\/wp-content\/uploads\/2023\/08\/RUTA8D-1024x774-1.jpg","type":"image\/jpeg"}],"twitter_card":"summary_large_image","twitter_misc":{"Tiempo de lectura":"1 minuto"},"schema":{"@context":"https:\/\/schema.org","@graph":[{"@type":"WebPage","@id":"https:\/\/moreainmobiliaria.com.ar\/?product=gran-oportunidad-de-inversion-inmueble-sobre-ruta-8-km-290","url":"https:\/\/moreainmobiliaria.com.ar\/?product=gran-oportunidad-de-inversion-inmueble-sobre-ruta-8-km-290","name":"Gran oportunidad de inversi\u00f3n: Inmueble sobre Ruta 8 (km 290) - Morea Inmobiliaria","isPartOf":{"@id":"https:\/\/moreainmobiliaria.com.ar\/#website"},"primaryImageOfPage":{"@id":"https:\/\/moreainmobiliaria.com.ar\/?product=gran-oportunidad-de-inversion-inmueble-sobre-ruta-8-km-290#primaryimage"},"image":{"@id":"https:\/\/moreainmobiliaria.com.ar\/?product=gran-oportunidad-de-inversion-inmueble-sobre-ruta-8-km-290#primaryimage"},"thumbnailUrl":"https:\/\/moreainmobiliaria.com.ar\/wp-content\/uploads\/2023\/08\/RUTA8D-1024x774-1.jpg","datePublished":"2023-08-08T22:05:22+00:00","dateModified":"2026-04-21T13:00:55+00:00","breadcrumb":{"@id":"https:\/\/moreainmobiliaria.com.ar\/?product=gran-oportunidad-de-inversion-inmueble-sobre-ruta-8-km-290#breadcrumb"},"inLanguage":"es","potentialAction":[{"@type":"ReadAction","target":["https:\/\/moreainmobiliaria.com.ar\/?product=gran-oportunidad-de-inversion-inmueble-sobre-ruta-8-km-290"]}]},{"@type":"ImageObject","inLanguage":"es","@id":"https:\/\/moreainmobiliaria.com.ar\/?product=gran-oportunidad-de-inversion-inmueble-sobre-ruta-8-km-290#primaryimage","url":"https:\/\/moreainmobiliaria.com.ar\/wp-content\/uploads\/2023\/08\/RUTA8D-1024x774-1.jpg","contentUrl":"https:\/\/moreainmobiliaria.com.ar\/wp-content\/uploads\/2023\/08\/RUTA8D-1024x774-1.jpg","width":1024,"height":774},{"@type":"BreadcrumbList","@id":"https:\/\/moreainmobiliaria.com.ar\/?product=gran-oportunidad-de-inversion-inmueble-sobre-ruta-8-km-290#breadcrumb","itemListElement":[{"@type":"ListItem","position":1,"name":"Portada","item":"https:\/\/moreainmobiliaria.com.ar\/"},{"@type":"ListItem","position":2,"name":"Productos","item":"https:\/\/moreainmobiliaria.com.ar\/?post_type=product"},{"@type":"ListItem","position":3,"name":"Gran oportunidad de inversi\u00f3n: Inmueble sobre Ruta 8 (km 290)"}]},{"@type":"WebSite","@id":"https:\/\/moreainmobiliaria.com.ar\/#website","url":"https:\/\/moreainmobiliaria.com.ar\/","name":"moreainmobiliaria","description":"Inmuebles en Venta en Col\u00f3n Bs. As.","publisher":{"@id":"https:\/\/moreainmobiliaria.com.ar\/#organization"},"alternateName":"Inmobiliaria Morea","potentialAction":[{"@type":"SearchAction","target":{"@type":"EntryPoint","urlTemplate":"https:\/\/moreainmobiliaria.com.ar\/?s={search_term_string}"},"query-input":{"@type":"PropertyValueSpecification","valueRequired":true,"valueName":"search_term_string"}}],"inLanguage":"es"},{"@type":"Organization","@id":"https:\/\/moreainmobiliaria.com.ar\/#organization","name":"Morea Inmobiliaria","alternateName":"Inmobiliaria Morea","url":"https:\/\/moreainmobiliaria.com.ar\/","logo":{"@type":"ImageObject","inLanguage":"es","@id":"https:\/\/moreainmobiliaria.com.ar\/#\/schema\/logo\/image\/","url":"https:\/\/moreainmobiliaria.com.ar\/wp-content\/uploads\/2025\/08\/morea-fondo-transparente-01-1-scaled.png","contentUrl":"https:\/\/moreainmobiliaria.com.ar\/wp-content\/uploads\/2025\/08\/morea-fondo-transparente-01-1-scaled.png","width":2560,"height":2202,"caption":"Morea Inmobiliaria"},"image":{"@id":"https:\/\/moreainmobiliaria.com.ar\/#\/schema\/logo\/image\/"}}]}},"_links":{"self":[{"href":"https:\/\/moreainmobiliaria.com.ar\/index.php?rest_route=\/wp\/v2\/product\/2942","targetHints":{"allow":["GET"]}}],"collection":[{"href":"https:\/\/moreainmobiliaria.com.ar\/index.php?rest_route=\/wp\/v2\/product"}],"about":[{"href":"https:\/\/moreainmobiliaria.com.ar\/index.php?rest_route=\/wp\/v2\/types\/product"}],"wp:featuredmedia":[{"embeddable":true,"href":"https:\/\/moreainmobiliaria.com.ar\/index.php?rest_route=\/wp\/v2\/media\/5507"}],"wp:attachment":[{"href":"https:\/\/moreainmobiliaria.com.ar\/index.php?rest_route=%2Fwp%2Fv2%2Fmedia&parent=2942"}],"wp:term":[{"taxonomy":"product_brand","embeddable":true,"href":"https:\/\/moreainmobiliaria.com.ar\/index.php?rest_route=%2Fwp%2Fv2%2Fproduct_brand&post=2942"},{"taxonomy":"product_cat","embeddable":true,"href":"https:\/\/moreainmobiliaria.com.ar\/index.php?rest_route=%2Fwp%2Fv2%2Fproduct_cat&post=2942"},{"taxonomy":"product_tag","embeddable":true,"href":"https:\/\/moreainmobiliaria.com.ar\/index.php?rest_route=%2Fwp%2Fv2%2Fproduct_tag&post=2942"}],"curies":[{"name":"wp","href":"https:\/\/api.w.org\/{rel}","templated":true}]}}