{"id":1259,"date":"2021-03-01T21:55:37","date_gmt":"2021-03-02T00:55:37","guid":{"rendered":"http:\/\/moreainmobiliaria.com.ar\/?p=1259"},"modified":"2026-04-21T15:06:04","modified_gmt":"2026-04-21T13:06:04","slug":"casa-en-venta-44-e-16-y-17","status":"publish","type":"product","link":"https:\/\/moreainmobiliaria.com.ar\/?product=casa-en-venta-44-e-16-y-17","title":{"rendered":"Casa en venta &#8211; 44 e\/ 16 y 17"},"content":{"rendered":"\r\n<figure class=\"wp-block-gallery columns-3 is-cropped wp-block-gallery-1 is-layout-flex wp-block-gallery-is-layout-flex\">\r\n<p><a href=\"http:\/\/moreainmobiliaria-com-ar.preview-domain.com\/wp-content\/uploads\/2021\/03\/44-16-y-17-c.jpg\"><img decoding=\"async\" class=\"wp-image-1265\" src=\"http:\/\/moreainmobiliaria-com-ar.preview-domain.com\/wp-content\/uploads\/2021\/03\/44-16-y-17-c-1024x774.jpg\" alt=\"\" data-id=\"1265\" data-full-url=\"http:\/\/moreainmobiliaria-com-ar.preview-domain.com\/wp-content\/uploads\/2021\/03\/44-16-y-17-c.jpg\" data-link=\"http:\/\/moreainmobiliaria-com-ar.preview-domain.com\/?attachment_id=1265\" \/><\/a><\/p>\r\n<\/figure>\r\n\r\n\r\n\r\n<p>Casa en venta en calle 44 enre 16 y 17.<\/p>\r\n\r\n\r\n\r\n<p>Superficie de terreno: 104 m2<\/p>\r\n\r\n\r\n\r\n<p>Superficie edificada: 115 m2.<\/p>\r\n\r\n\r\n\r\n<p>Planta baja: Cocina, living-comedor, ba\u00f1o, patio peque\u00f1o, garage.<\/p>\r\n\r\n\r\n\r\n<p>Planta alta: 3 dormitorios, ba\u00f1o y balc\u00f3n.<\/p>\r\n","protected":false},"excerpt":{"rendered":"<p>Casa en venta en calle 44 enre 16 y 17. Superficie de terreno: 104 m2 Superficie edificada: 115 m2. Planta baja: Cocina, living-comedor, ba\u00f1o, patio peque\u00f1o, garage. Planta alta: 3 dormitorios, ba\u00f1o y balc\u00f3n.<\/p>\n","protected":false},"featured_media":5428,"template":"","meta":[],"product_brand":[],"product_cat":[41,43,39],"product_tag":[60,53],"class_list":{"0":"post-1259","1":"product","2":"type-product","3":"status-publish","4":"has-post-thumbnail","6":"product_cat-casas","7":"product_cat-departamentos","8":"product_cat-ventas","9":"product_tag-casas","10":"product_tag-ventas","12":"first","13":"instock","14":"shipping-taxable","15":"product-type-simple"},"yoast_head":"<!-- This site is optimized with the Yoast SEO plugin v27.5 - https:\/\/yoast.com\/product\/yoast-seo-wordpress\/ -->\n<title>Casa en venta - 44 e\/ 16 y 17 - Morea Inmobiliaria<\/title>\n<meta name=\"robots\" content=\"index, follow, max-snippet:-1, max-image-preview:large, max-video-preview:-1\" \/>\n<link rel=\"canonical\" href=\"https:\/\/moreainmobiliaria.com.ar\/?product=casa-en-venta-44-e-16-y-17\" \/>\n<meta property=\"og:locale\" content=\"es_ES\" \/>\n<meta property=\"og:type\" content=\"article\" \/>\n<meta property=\"og:title\" content=\"Casa en venta - 44 e\/ 16 y 17 - Morea Inmobiliaria\" \/>\n<meta property=\"og:description\" content=\"Casa en venta en calle 44 enre 16 y 17. Superficie de terreno: 104 m2 Superficie edificada: 115 m2. Planta baja: Cocina, living-comedor, ba\u00f1o, patio peque\u00f1o, garage. Planta alta: 3 dormitorios, ba\u00f1o y balc\u00f3n.\" \/>\n<meta property=\"og:url\" content=\"https:\/\/moreainmobiliaria.com.ar\/?product=casa-en-venta-44-e-16-y-17\" \/>\n<meta property=\"og:site_name\" content=\"Morea Inmobiliaria\" \/>\n<meta property=\"article:modified_time\" content=\"2026-04-21T13:06:04+00:00\" \/>\n<meta property=\"og:image\" content=\"https:\/\/moreainmobiliaria.com.ar\/wp-content\/uploads\/2021\/03\/44b-1024x774-1.jpg\" \/>\n\t<meta property=\"og:image:width\" content=\"1024\" \/>\n\t<meta property=\"og:image:height\" content=\"774\" \/>\n\t<meta property=\"og:image:type\" content=\"image\/jpeg\" \/>\n<meta name=\"twitter:card\" content=\"summary_large_image\" \/>\n<script type=\"application\/ld+json\" class=\"yoast-schema-graph\">{\"@context\":\"https:\\\/\\\/schema.org\",\"@graph\":[{\"@type\":\"WebPage\",\"@id\":\"https:\\\/\\\/moreainmobiliaria.com.ar\\\/?product=casa-en-venta-44-e-16-y-17\",\"url\":\"https:\\\/\\\/moreainmobiliaria.com.ar\\\/?product=casa-en-venta-44-e-16-y-17\",\"name\":\"Casa en venta - 44 e\\\/ 16 y 17 - Morea Inmobiliaria\",\"isPartOf\":{\"@id\":\"https:\\\/\\\/moreainmobiliaria.com.ar\\\/#website\"},\"primaryImageOfPage\":{\"@id\":\"https:\\\/\\\/moreainmobiliaria.com.ar\\\/?product=casa-en-venta-44-e-16-y-17#primaryimage\"},\"image\":{\"@id\":\"https:\\\/\\\/moreainmobiliaria.com.ar\\\/?product=casa-en-venta-44-e-16-y-17#primaryimage\"},\"thumbnailUrl\":\"https:\\\/\\\/moreainmobiliaria.com.ar\\\/wp-content\\\/uploads\\\/2021\\\/03\\\/44b-1024x774-1.jpg\",\"datePublished\":\"2021-03-02T00:55:37+00:00\",\"dateModified\":\"2026-04-21T13:06:04+00:00\",\"breadcrumb\":{\"@id\":\"https:\\\/\\\/moreainmobiliaria.com.ar\\\/?product=casa-en-venta-44-e-16-y-17#breadcrumb\"},\"inLanguage\":\"es\",\"potentialAction\":[{\"@type\":\"ReadAction\",\"target\":[\"https:\\\/\\\/moreainmobiliaria.com.ar\\\/?product=casa-en-venta-44-e-16-y-17\"]}]},{\"@type\":\"ImageObject\",\"inLanguage\":\"es\",\"@id\":\"https:\\\/\\\/moreainmobiliaria.com.ar\\\/?product=casa-en-venta-44-e-16-y-17#primaryimage\",\"url\":\"https:\\\/\\\/moreainmobiliaria.com.ar\\\/wp-content\\\/uploads\\\/2021\\\/03\\\/44b-1024x774-1.jpg\",\"contentUrl\":\"https:\\\/\\\/moreainmobiliaria.com.ar\\\/wp-content\\\/uploads\\\/2021\\\/03\\\/44b-1024x774-1.jpg\",\"width\":1024,\"height\":774},{\"@type\":\"BreadcrumbList\",\"@id\":\"https:\\\/\\\/moreainmobiliaria.com.ar\\\/?product=casa-en-venta-44-e-16-y-17#breadcrumb\",\"itemListElement\":[{\"@type\":\"ListItem\",\"position\":1,\"name\":\"Portada\",\"item\":\"https:\\\/\\\/moreainmobiliaria.com.ar\\\/\"},{\"@type\":\"ListItem\",\"position\":2,\"name\":\"Productos\",\"item\":\"https:\\\/\\\/moreainmobiliaria.com.ar\\\/?post_type=product\"},{\"@type\":\"ListItem\",\"position\":3,\"name\":\"Casa en venta &#8211; 44 e\\\/ 16 y 17\"}]},{\"@type\":\"WebSite\",\"@id\":\"https:\\\/\\\/moreainmobiliaria.com.ar\\\/#website\",\"url\":\"https:\\\/\\\/moreainmobiliaria.com.ar\\\/\",\"name\":\"moreainmobiliaria\",\"description\":\"Inmuebles en Venta en Col\u00f3n Bs. As.\",\"publisher\":{\"@id\":\"https:\\\/\\\/moreainmobiliaria.com.ar\\\/#organization\"},\"alternateName\":\"Inmobiliaria Morea\",\"potentialAction\":[{\"@type\":\"SearchAction\",\"target\":{\"@type\":\"EntryPoint\",\"urlTemplate\":\"https:\\\/\\\/moreainmobiliaria.com.ar\\\/?s={search_term_string}\"},\"query-input\":{\"@type\":\"PropertyValueSpecification\",\"valueRequired\":true,\"valueName\":\"search_term_string\"}}],\"inLanguage\":\"es\"},{\"@type\":\"Organization\",\"@id\":\"https:\\\/\\\/moreainmobiliaria.com.ar\\\/#organization\",\"name\":\"Morea Inmobiliaria\",\"alternateName\":\"Inmobiliaria Morea\",\"url\":\"https:\\\/\\\/moreainmobiliaria.com.ar\\\/\",\"logo\":{\"@type\":\"ImageObject\",\"inLanguage\":\"es\",\"@id\":\"https:\\\/\\\/moreainmobiliaria.com.ar\\\/#\\\/schema\\\/logo\\\/image\\\/\",\"url\":\"https:\\\/\\\/moreainmobiliaria.com.ar\\\/wp-content\\\/uploads\\\/2025\\\/08\\\/morea-fondo-transparente-01-1-scaled.png\",\"contentUrl\":\"https:\\\/\\\/moreainmobiliaria.com.ar\\\/wp-content\\\/uploads\\\/2025\\\/08\\\/morea-fondo-transparente-01-1-scaled.png\",\"width\":2560,\"height\":2202,\"caption\":\"Morea Inmobiliaria\"},\"image\":{\"@id\":\"https:\\\/\\\/moreainmobiliaria.com.ar\\\/#\\\/schema\\\/logo\\\/image\\\/\"}}]}<\/script>\n<!-- \/ Yoast SEO plugin. -->","yoast_head_json":{"title":"Casa en venta - 44 e\/ 16 y 17 - Morea Inmobiliaria","robots":{"index":"index","follow":"follow","max-snippet":"max-snippet:-1","max-image-preview":"max-image-preview:large","max-video-preview":"max-video-preview:-1"},"canonical":"https:\/\/moreainmobiliaria.com.ar\/?product=casa-en-venta-44-e-16-y-17","og_locale":"es_ES","og_type":"article","og_title":"Casa en venta - 44 e\/ 16 y 17 - Morea Inmobiliaria","og_description":"Casa en venta en calle 44 enre 16 y 17. Superficie de terreno: 104 m2 Superficie edificada: 115 m2. Planta baja: Cocina, living-comedor, ba\u00f1o, patio peque\u00f1o, garage. Planta alta: 3 dormitorios, ba\u00f1o y balc\u00f3n.","og_url":"https:\/\/moreainmobiliaria.com.ar\/?product=casa-en-venta-44-e-16-y-17","og_site_name":"Morea Inmobiliaria","article_modified_time":"2026-04-21T13:06:04+00:00","og_image":[{"width":1024,"height":774,"url":"https:\/\/moreainmobiliaria.com.ar\/wp-content\/uploads\/2021\/03\/44b-1024x774-1.jpg","type":"image\/jpeg"}],"twitter_card":"summary_large_image","schema":{"@context":"https:\/\/schema.org","@graph":[{"@type":"WebPage","@id":"https:\/\/moreainmobiliaria.com.ar\/?product=casa-en-venta-44-e-16-y-17","url":"https:\/\/moreainmobiliaria.com.ar\/?product=casa-en-venta-44-e-16-y-17","name":"Casa en venta - 44 e\/ 16 y 17 - Morea Inmobiliaria","isPartOf":{"@id":"https:\/\/moreainmobiliaria.com.ar\/#website"},"primaryImageOfPage":{"@id":"https:\/\/moreainmobiliaria.com.ar\/?product=casa-en-venta-44-e-16-y-17#primaryimage"},"image":{"@id":"https:\/\/moreainmobiliaria.com.ar\/?product=casa-en-venta-44-e-16-y-17#primaryimage"},"thumbnailUrl":"https:\/\/moreainmobiliaria.com.ar\/wp-content\/uploads\/2021\/03\/44b-1024x774-1.jpg","datePublished":"2021-03-02T00:55:37+00:00","dateModified":"2026-04-21T13:06:04+00:00","breadcrumb":{"@id":"https:\/\/moreainmobiliaria.com.ar\/?product=casa-en-venta-44-e-16-y-17#breadcrumb"},"inLanguage":"es","potentialAction":[{"@type":"ReadAction","target":["https:\/\/moreainmobiliaria.com.ar\/?product=casa-en-venta-44-e-16-y-17"]}]},{"@type":"ImageObject","inLanguage":"es","@id":"https:\/\/moreainmobiliaria.com.ar\/?product=casa-en-venta-44-e-16-y-17#primaryimage","url":"https:\/\/moreainmobiliaria.com.ar\/wp-content\/uploads\/2021\/03\/44b-1024x774-1.jpg","contentUrl":"https:\/\/moreainmobiliaria.com.ar\/wp-content\/uploads\/2021\/03\/44b-1024x774-1.jpg","width":1024,"height":774},{"@type":"BreadcrumbList","@id":"https:\/\/moreainmobiliaria.com.ar\/?product=casa-en-venta-44-e-16-y-17#breadcrumb","itemListElement":[{"@type":"ListItem","position":1,"name":"Portada","item":"https:\/\/moreainmobiliaria.com.ar\/"},{"@type":"ListItem","position":2,"name":"Productos","item":"https:\/\/moreainmobiliaria.com.ar\/?post_type=product"},{"@type":"ListItem","position":3,"name":"Casa en venta &#8211; 44 e\/ 16 y 17"}]},{"@type":"WebSite","@id":"https:\/\/moreainmobiliaria.com.ar\/#website","url":"https:\/\/moreainmobiliaria.com.ar\/","name":"moreainmobiliaria","description":"Inmuebles en Venta en Col\u00f3n Bs. As.","publisher":{"@id":"https:\/\/moreainmobiliaria.com.ar\/#organization"},"alternateName":"Inmobiliaria Morea","potentialAction":[{"@type":"SearchAction","target":{"@type":"EntryPoint","urlTemplate":"https:\/\/moreainmobiliaria.com.ar\/?s={search_term_string}"},"query-input":{"@type":"PropertyValueSpecification","valueRequired":true,"valueName":"search_term_string"}}],"inLanguage":"es"},{"@type":"Organization","@id":"https:\/\/moreainmobiliaria.com.ar\/#organization","name":"Morea Inmobiliaria","alternateName":"Inmobiliaria Morea","url":"https:\/\/moreainmobiliaria.com.ar\/","logo":{"@type":"ImageObject","inLanguage":"es","@id":"https:\/\/moreainmobiliaria.com.ar\/#\/schema\/logo\/image\/","url":"https:\/\/moreainmobiliaria.com.ar\/wp-content\/uploads\/2025\/08\/morea-fondo-transparente-01-1-scaled.png","contentUrl":"https:\/\/moreainmobiliaria.com.ar\/wp-content\/uploads\/2025\/08\/morea-fondo-transparente-01-1-scaled.png","width":2560,"height":2202,"caption":"Morea Inmobiliaria"},"image":{"@id":"https:\/\/moreainmobiliaria.com.ar\/#\/schema\/logo\/image\/"}}]}},"_links":{"self":[{"href":"https:\/\/moreainmobiliaria.com.ar\/index.php?rest_route=\/wp\/v2\/product\/1259","targetHints":{"allow":["GET"]}}],"collection":[{"href":"https:\/\/moreainmobiliaria.com.ar\/index.php?rest_route=\/wp\/v2\/product"}],"about":[{"href":"https:\/\/moreainmobiliaria.com.ar\/index.php?rest_route=\/wp\/v2\/types\/product"}],"wp:featuredmedia":[{"embeddable":true,"href":"https:\/\/moreainmobiliaria.com.ar\/index.php?rest_route=\/wp\/v2\/media\/5428"}],"wp:attachment":[{"href":"https:\/\/moreainmobiliaria.com.ar\/index.php?rest_route=%2Fwp%2Fv2%2Fmedia&parent=1259"}],"wp:term":[{"taxonomy":"product_brand","embeddable":true,"href":"https:\/\/moreainmobiliaria.com.ar\/index.php?rest_route=%2Fwp%2Fv2%2Fproduct_brand&post=1259"},{"taxonomy":"product_cat","embeddable":true,"href":"https:\/\/moreainmobiliaria.com.ar\/index.php?rest_route=%2Fwp%2Fv2%2Fproduct_cat&post=1259"},{"taxonomy":"product_tag","embeddable":true,"href":"https:\/\/moreainmobiliaria.com.ar\/index.php?rest_route=%2Fwp%2Fv2%2Fproduct_tag&post=1259"}],"curies":[{"name":"wp","href":"https:\/\/api.w.org\/{rel}","templated":true}]}}